{"id":2078,"date":"2015-08-13T17:48:25","date_gmt":"2015-08-13T21:48:25","guid":{"rendered":"https:\/\/www.elantechnology.com\/?page_id=2078"},"modified":"2023-08-25T18:05:27","modified_gmt":"2023-08-25T22:05:27","slug":"vidrios","status":"publish","type":"page","link":"https:\/\/www.elantechnology.com\/es\/vidrios\/","title":{"rendered":"Vidrio"},"content":{"rendered":"<h1>Vidrio<\/h1>\n<h2 class=\"glass-materials\">Producimos vidrio en Georgia, USA<\/h2>\n<div class=\"row \"   ><div class=\"columns small-12 medium-6 large-6 xlarge-6 xxlarge-6 \"   ><\/p>\n<p>Elan Technology, Inc. es uno de los principales fabricantes de vidrio en los Estados Unidos, produciendo preformas para sellos herm\u00e9ticos vidrio-metal y separadores utilizando vidrio electr\u00f3nico.<\/p>\n<p>Nuestros productos de vidrio electr\u00f3nico se pueden encontrar en maquinaria, equipo para exploraci\u00f3n espacial, tel\u00e9fonos celulares, refrigeradores, autom\u00f3viles, linternas, aviones, marcapasos, submarinos, misiles, bater\u00edas y muchas otras aplicaciones. Nuestras preformas de vidrio son de gran precisi\u00f3n, se fabrican con las tolerancias exactas y ofrecen un sello herm\u00e9tico m\u00e1s resistente en comparaci\u00f3n con tubos de vidrio.<\/p>\n<p><\/div><div class=\"columns small-12 medium-6 large-6 xlarge-6 xxlarge-6 \"   ><img loading=\"lazy\" decoding=\"async\" title=\"Glass Types - Glass Manufacturer - Elan Technology\" alt=\"Glass Suppliers - Glass Coating - Glass Manufacturer\" src=\"\/wp-content\/uploads\/2015\/06\/Misc-product.jpg\" width=\"300\" height=\"233\"><\/div><\/div>\n<h4 class=\"glass-h4\">Producion de Vidrio<\/h4>\n<p>El proceso de fabricaci\u00f3n de vidrio para nuestras preformas comienza con formulaciones de vidrio con propiedades electr\u00f3nicas, estos se muelen, secado por Atomizaci\u00f3n, prensado y cocinado. A lo largo de todo el proceso, par\u00e1metros y propiedades cr\u00edticas son monitoreadas para asegurar que las propiedades de los vidrios se encuentran dentro de nuestras especificaciones. Todos nuestros productos son dise\u00f1ados en base a las necesidades de nuestros clientes. La siguiente tabla muestra algunas reglas generales para las tolerancias dependiendo del tama\u00f1os de preformas.<\/p>\n<p><strong>M\u00ednima tolerancia para los di\u00e1metros (fuera y dentro)<\/strong><\/p>\n<table>\n<tbody>\n<tr>\n<td>&lt;.100&#8243;<\/td>\n<td>+\/- .001&#8243;<\/td>\n<\/tr>\n<tr>\n<td>.100&#8243; &ndash; .200&#8243;<\/td>\n<td>+\/- .002&#8243;<\/td>\n<\/tr>\n<tr>\n<td>.200&#8243; &ndash; .350&#8243;<\/td>\n<td>+\/- .0025&#8243;<\/td>\n<\/tr>\n<tr>\n<td>.350&#8243; &ndash; .500&#8243;<\/td>\n<td>+\/- .003&#8243;<\/td>\n<\/tr>\n<tr>\n<td>.500&#8243; &ndash; 1.000&#8243;<\/td>\n<td>+\/- .004&#8243;<\/td>\n<\/tr>\n<tr>\n<td>1.00&#8243; o mas<\/td>\n<td>+\/- .005&#8243;<\/td>\n<\/tr>\n<\/tbody>\n<\/table>\n<p><strong>M\u00ednima tolerancia para la longitud (Altura) +\/-.002&#8243;<\/strong><\/p>\n<p style=\"margin-top:40px;\"><strong>Tolerancias para el peso<\/strong><\/p>\n<table>\n<tbody>\n<tr>\n<td>0 mg &ndash; 7 mg mean<\/td>\n<td>+\/- 5%<\/td>\n<\/tr>\n<tr>\n<td>7 mg &ndash; 500 mg mean<\/td>\n<td>+\/- 2.5%<\/td>\n<\/tr>\n<tr>\n<td>500 mg o mas<\/td>\n<td>+\/- 2%<\/td>\n<\/tr>\n<\/tbody>\n<\/table>\n<p>(Las tolerancias pueden ser modificadas, m\u00e1s o menos, en base a las circunstancias)<\/p>\n<h4 class=\"glass-h4\">Productos T\u00e9cnicos de Vidrio<\/h4>\n<p>Adem\u00e1s de la producci\u00f3n de preformas de vidrio, ofrecemos a nuestros clientes con apoyo t\u00e9cnico para el dise\u00f1o del sello herm\u00e9tico, selecci\u00f3n de materiales y encontrar las causas de problemas que puedan tener durante la fabricaci\u00f3n. Nuestro personal incluye Ingenieros de materiales cer\u00e1micos, mec\u00e1nicos, industriales y qu\u00edmicos. Por favor, visite nuestra p\u00e1gina de Preformas y Componentes de vidrio para m\u00e1s informaci\u00f3n.<\/p>\n<p><a title=\"Origin Glass - Where Art Glass Begins\" target=\"_blank\" href=\"http:\/\/originglass.com\/\" rel=\"noopener\">Origin Glass<\/a> es la divisi\u00f3n de Elan Technology que produce vidrios de color utilizados por artistas alrededor del mundo en sus esculturas de vidrio. Treinta y ocho colores est\u00e1n disponibles, que incluyen dos que brillan en la oscuridad. Origin Glass se ha convertido en uno de los vidrios favoritos de los artistas que usan el vidrio duro.<\/p>\n<p>Producimos las barras de vidrio mediante el proceso de prensado, usando vidrio en polvo, despu\u00e9s lo fundimos hasta que se solidifica. Siendo Elan Technology el productor de preformas para productos electr\u00f3nicos usados en la industria automotriz, estamos registrados en el sistema de gesti\u00f3n de calidad: TS16949. La misma norma de calidad utilizada para nuestros productos de vidrio t\u00e9cnico se utiliza para Origin Glass.<\/p>\n<p>Adem\u00e1s de preformas de vidrio, tambi\u00e9n ofrecemos secado por Atomizaci\u00f3n, polvos listos para prensar, as\u00ed como polvos molidos y vidrio en pedazos. Todos estos materiales se pueden clasificar por la distribuci\u00f3n de su tama\u00f1o dependiendo de la aplicaci\u00f3n. Por favor, visite nuestra p\u00e1gina de materiales de vidrio para m\u00e1s informaci\u00f3n.<\/p>\n<p><a title=\"Quality System\" href=\"\/about-us\/quality-system\">Elan Technology obtuvo ISO 9002 \/ QS 9000 en1999 y cambio a la norma ISO \/ TS 16949 en el 2006.<\/a><\/p>\n<hr>\n<h3 style=\"margin-bottom: 10px;\">Certificaciones<\/h3>\n<p><img decoding=\"async\" title=\"certification\" alt=\"ISO 9001:20018 Certification\" src=\"https:\/\/www.elantechnology.com\/wp-content\/uploads\/2018\/04\/ISO-9001-2015.jpg\" width=\"90\"><\/p>\n<div class=\"readmore\">\n<h4>Mas Lectura<\/h4>\n<p><a href=\"https:\/\/en.wikipedia.org\/wiki\/Glass\" target=\"_blank\" rel=\"noopener\">Wikipedia: Glass<\/a><\/p>\n<\/div>\n","protected":false},"excerpt":{"rendered":"<p>Vidrio Producimos vidrio en Georgia, USA Producion de Vidrio El proceso de fabricaci\u00f3n de vidrio para nuestras preformas comienza con formulaciones de vidrio con propiedades electr\u00f3nicas, estos se muelen, secado por Atomizaci\u00f3n, prensado y cocinado. A lo largo de todo el proceso, par\u00e1metros y propiedades cr\u00edticas son monitoreadas para asegurar que las propiedades de los [&hellip;]<\/p>\n","protected":false},"author":1,"featured_media":0,"parent":0,"menu_order":2,"comment_status":"open","ping_status":"closed","template":"","meta":{"_acf_changed":false,"footnotes":""},"class_list":["post-2078","page","type-page","status-publish","hentry"],"acf":[],"yoast_head":"<!-- This site is optimized with the Yoast SEO plugin v27.4 - https:\/\/yoast.com\/product\/yoast-seo-wordpress\/ -->\n<title>Productores De Vidrio en los EE.UU. | Elan Technology<\/title>\n<meta name=\"description\" content=\"Elan Technology es uno de los mayores productores de vidrio, especializada en productos de vidrio t\u00e9cnico, vidrio de color y vidrio para juntas herm\u00e9ticas.\" \/>\n<meta name=\"robots\" content=\"index, follow, max-snippet:-1, max-image-preview:large, max-video-preview:-1\" \/>\n<link rel=\"canonical\" href=\"https:\/\/www.elantechnology.com\/es\/vidrios\/\" \/>\n<meta property=\"og:locale\" content=\"es_ES\" \/>\n<meta property=\"og:type\" content=\"article\" \/>\n<meta property=\"og:title\" content=\"Productores De Vidrio en los EE.UU. | Elan Technology\" \/>\n<meta property=\"og:description\" content=\"Elan Technology es uno de los mayores productores de vidrio, especializada en productos de vidrio t\u00e9cnico, vidrio de color y vidrio para juntas herm\u00e9ticas.\" \/>\n<meta property=\"og:url\" content=\"https:\/\/www.elantechnology.com\/es\/vidrios\/\" \/>\n<meta property=\"og:site_name\" content=\"Elan Technology\" \/>\n<meta property=\"article:modified_time\" content=\"2023-08-25T22:05:27+00:00\" \/>\n<meta property=\"og:image\" content=\"https:\/\/www.elantechnology.com\/wp-content\/uploads\/2018\/04\/ISO-9001-2015.jpg\" \/>\n<meta name=\"twitter:card\" content=\"summary_large_image\" \/>\n<script type=\"application\/ld+json\" class=\"yoast-schema-graph\">{\"@context\":\"https:\\\/\\\/schema.org\",\"@graph\":[{\"@type\":\"WebPage\",\"@id\":\"https:\\\/\\\/www.elantechnology.com\\\/es\\\/vidrios\\\/\",\"url\":\"https:\\\/\\\/www.elantechnology.com\\\/es\\\/vidrios\\\/\",\"name\":\"Productores De Vidrio en los EE.UU. | Elan Technology\",\"isPartOf\":{\"@id\":\"https:\\\/\\\/www.elantechnology.com\\\/#website\"},\"primaryImageOfPage\":{\"@id\":\"https:\\\/\\\/www.elantechnology.com\\\/es\\\/vidrios\\\/#primaryimage\"},\"image\":{\"@id\":\"https:\\\/\\\/www.elantechnology.com\\\/es\\\/vidrios\\\/#primaryimage\"},\"thumbnailUrl\":\"https:\\\/\\\/www.elantechnology.com\\\/wp-content\\\/uploads\\\/2018\\\/04\\\/ISO-9001-2015.jpg\",\"datePublished\":\"2015-08-13T21:48:25+00:00\",\"dateModified\":\"2023-08-25T22:05:27+00:00\",\"description\":\"Elan Technology es uno de los mayores productores de vidrio, especializada en productos de vidrio t\u00e9cnico, vidrio de color y vidrio para juntas herm\u00e9ticas.\",\"breadcrumb\":{\"@id\":\"https:\\\/\\\/www.elantechnology.com\\\/es\\\/vidrios\\\/#breadcrumb\"},\"inLanguage\":\"es\",\"potentialAction\":[{\"@type\":\"ReadAction\",\"target\":[\"https:\\\/\\\/www.elantechnology.com\\\/es\\\/vidrios\\\/\"]}]},{\"@type\":\"ImageObject\",\"inLanguage\":\"es\",\"@id\":\"https:\\\/\\\/www.elantechnology.com\\\/es\\\/vidrios\\\/#primaryimage\",\"url\":\"https:\\\/\\\/www.elantechnology.com\\\/wp-content\\\/uploads\\\/2018\\\/04\\\/ISO-9001-2015.jpg\",\"contentUrl\":\"https:\\\/\\\/www.elantechnology.com\\\/wp-content\\\/uploads\\\/2018\\\/04\\\/ISO-9001-2015.jpg\"},{\"@type\":\"BreadcrumbList\",\"@id\":\"https:\\\/\\\/www.elantechnology.com\\\/es\\\/vidrios\\\/#breadcrumb\",\"itemListElement\":[{\"@type\":\"ListItem\",\"position\":1,\"name\":\"Home\",\"item\":\"https:\\\/\\\/www.elantechnology.com\\\/es\\\/\"},{\"@type\":\"ListItem\",\"position\":2,\"name\":\"Vidrio\"}]},{\"@type\":\"WebSite\",\"@id\":\"https:\\\/\\\/www.elantechnology.com\\\/#website\",\"url\":\"https:\\\/\\\/www.elantechnology.com\\\/\",\"name\":\"Elan Technology\",\"description\":\"Elan Technology is a glass and ceramics manufacturer in Midway, GA, USA.\",\"publisher\":{\"@id\":\"https:\\\/\\\/www.elantechnology.com\\\/#organization\"},\"alternateName\":\"Elan\",\"potentialAction\":[{\"@type\":\"SearchAction\",\"target\":{\"@type\":\"EntryPoint\",\"urlTemplate\":\"https:\\\/\\\/www.elantechnology.com\\\/?s={search_term_string}\"},\"query-input\":{\"@type\":\"PropertyValueSpecification\",\"valueRequired\":true,\"valueName\":\"search_term_string\"}}],\"inLanguage\":\"es\"},{\"@type\":\"Organization\",\"@id\":\"https:\\\/\\\/www.elantechnology.com\\\/#organization\",\"name\":\"Elan Technology\",\"alternateName\":\"Elan\",\"url\":\"https:\\\/\\\/www.elantechnology.com\\\/\",\"logo\":{\"@type\":\"ImageObject\",\"inLanguage\":\"es\",\"@id\":\"https:\\\/\\\/www.elantechnology.com\\\/#\\\/schema\\\/logo\\\/image\\\/\",\"url\":\"https:\\\/\\\/www.elantechnology.com\\\/wp-content\\\/uploads\\\/2023\\\/08\\\/Elan-Technology-Logo.png\",\"contentUrl\":\"https:\\\/\\\/www.elantechnology.com\\\/wp-content\\\/uploads\\\/2023\\\/08\\\/Elan-Technology-Logo.png\",\"width\":1000,\"height\":390,\"caption\":\"Elan Technology\"},\"image\":{\"@id\":\"https:\\\/\\\/www.elantechnology.com\\\/#\\\/schema\\\/logo\\\/image\\\/\"},\"sameAs\":[\"https:\\\/\\\/www.linkedin.com\\\/company\\\/elan-technology-inc\"]}]}<\/script>\n<!-- \/ Yoast SEO plugin. -->","yoast_head_json":{"title":"Productores De Vidrio en los EE.UU. | Elan Technology","description":"Elan Technology es uno de los mayores productores de vidrio, especializada en productos de vidrio t\u00e9cnico, vidrio de color y vidrio para juntas herm\u00e9ticas.","robots":{"index":"index","follow":"follow","max-snippet":"max-snippet:-1","max-image-preview":"max-image-preview:large","max-video-preview":"max-video-preview:-1"},"canonical":"https:\/\/www.elantechnology.com\/es\/vidrios\/","og_locale":"es_ES","og_type":"article","og_title":"Productores De Vidrio en los EE.UU. | Elan Technology","og_description":"Elan Technology es uno de los mayores productores de vidrio, especializada en productos de vidrio t\u00e9cnico, vidrio de color y vidrio para juntas herm\u00e9ticas.","og_url":"https:\/\/www.elantechnology.com\/es\/vidrios\/","og_site_name":"Elan Technology","article_modified_time":"2023-08-25T22:05:27+00:00","og_image":[{"url":"https:\/\/www.elantechnology.com\/wp-content\/uploads\/2018\/04\/ISO-9001-2015.jpg","type":"","width":"","height":""}],"twitter_card":"summary_large_image","schema":{"@context":"https:\/\/schema.org","@graph":[{"@type":"WebPage","@id":"https:\/\/www.elantechnology.com\/es\/vidrios\/","url":"https:\/\/www.elantechnology.com\/es\/vidrios\/","name":"Productores De Vidrio en los EE.UU. | Elan Technology","isPartOf":{"@id":"https:\/\/www.elantechnology.com\/#website"},"primaryImageOfPage":{"@id":"https:\/\/www.elantechnology.com\/es\/vidrios\/#primaryimage"},"image":{"@id":"https:\/\/www.elantechnology.com\/es\/vidrios\/#primaryimage"},"thumbnailUrl":"https:\/\/www.elantechnology.com\/wp-content\/uploads\/2018\/04\/ISO-9001-2015.jpg","datePublished":"2015-08-13T21:48:25+00:00","dateModified":"2023-08-25T22:05:27+00:00","description":"Elan Technology es uno de los mayores productores de vidrio, especializada en productos de vidrio t\u00e9cnico, vidrio de color y vidrio para juntas herm\u00e9ticas.","breadcrumb":{"@id":"https:\/\/www.elantechnology.com\/es\/vidrios\/#breadcrumb"},"inLanguage":"es","potentialAction":[{"@type":"ReadAction","target":["https:\/\/www.elantechnology.com\/es\/vidrios\/"]}]},{"@type":"ImageObject","inLanguage":"es","@id":"https:\/\/www.elantechnology.com\/es\/vidrios\/#primaryimage","url":"https:\/\/www.elantechnology.com\/wp-content\/uploads\/2018\/04\/ISO-9001-2015.jpg","contentUrl":"https:\/\/www.elantechnology.com\/wp-content\/uploads\/2018\/04\/ISO-9001-2015.jpg"},{"@type":"BreadcrumbList","@id":"https:\/\/www.elantechnology.com\/es\/vidrios\/#breadcrumb","itemListElement":[{"@type":"ListItem","position":1,"name":"Home","item":"https:\/\/www.elantechnology.com\/es\/"},{"@type":"ListItem","position":2,"name":"Vidrio"}]},{"@type":"WebSite","@id":"https:\/\/www.elantechnology.com\/#website","url":"https:\/\/www.elantechnology.com\/","name":"Elan Technology","description":"Elan Technology is a glass and ceramics manufacturer in Midway, GA, USA.","publisher":{"@id":"https:\/\/www.elantechnology.com\/#organization"},"alternateName":"Elan","potentialAction":[{"@type":"SearchAction","target":{"@type":"EntryPoint","urlTemplate":"https:\/\/www.elantechnology.com\/?s={search_term_string}"},"query-input":{"@type":"PropertyValueSpecification","valueRequired":true,"valueName":"search_term_string"}}],"inLanguage":"es"},{"@type":"Organization","@id":"https:\/\/www.elantechnology.com\/#organization","name":"Elan Technology","alternateName":"Elan","url":"https:\/\/www.elantechnology.com\/","logo":{"@type":"ImageObject","inLanguage":"es","@id":"https:\/\/www.elantechnology.com\/#\/schema\/logo\/image\/","url":"https:\/\/www.elantechnology.com\/wp-content\/uploads\/2023\/08\/Elan-Technology-Logo.png","contentUrl":"https:\/\/www.elantechnology.com\/wp-content\/uploads\/2023\/08\/Elan-Technology-Logo.png","width":1000,"height":390,"caption":"Elan Technology"},"image":{"@id":"https:\/\/www.elantechnology.com\/#\/schema\/logo\/image\/"},"sameAs":["https:\/\/www.linkedin.com\/company\/elan-technology-inc"]}]}},"_links":{"self":[{"href":"https:\/\/www.elantechnology.com\/es\/wp-json\/wp\/v2\/pages\/2078","targetHints":{"allow":["GET"]}}],"collection":[{"href":"https:\/\/www.elantechnology.com\/es\/wp-json\/wp\/v2\/pages"}],"about":[{"href":"https:\/\/www.elantechnology.com\/es\/wp-json\/wp\/v2\/types\/page"}],"author":[{"embeddable":true,"href":"https:\/\/www.elantechnology.com\/es\/wp-json\/wp\/v2\/users\/1"}],"replies":[{"embeddable":true,"href":"https:\/\/www.elantechnology.com\/es\/wp-json\/wp\/v2\/comments?post=2078"}],"version-history":[{"count":0,"href":"https:\/\/www.elantechnology.com\/es\/wp-json\/wp\/v2\/pages\/2078\/revisions"}],"wp:attachment":[{"href":"https:\/\/www.elantechnology.com\/es\/wp-json\/wp\/v2\/media?parent=2078"}],"curies":[{"name":"wp","href":"https:\/\/api.w.org\/{rel}","templated":true}]}}