{"id":2067,"date":"2015-08-13T17:18:37","date_gmt":"2015-08-13T21:18:37","guid":{"rendered":"https:\/\/www.elantechnology.com\/?page_id=2067"},"modified":"2023-08-25T18:04:27","modified_gmt":"2023-08-25T22:04:27","slug":"ceramicas","status":"publish","type":"page","link":"https:\/\/www.elantechnology.com\/es\/ceramicas\/","title":{"rendered":"Cer\u00e1micas"},"content":{"rendered":"<div class=\"row \"   ><div class=\"columns small-12 medium-6 large-6 xlarge-6 xxlarge-6 \"   ><\/p>\n<h1>Cer\u00e1micas<\/h1>\n<h2 style=\"font-size: 20px;\">Cer\u00e1micas T\u00e9cnicas en Midway, GA<\/h2>\n<p>Elan Technology ha estado desarrollando y fabricando cer\u00e1micas t\u00e9cnicas por m\u00e1s de 70 a\u00f1os. Usando procesos de fabricaci\u00f3n muy avanzados, ofrecemos a nuestros clientes componentes cer\u00e1micos especializados, que se utilizan en una amplia gama de industrias.<\/p>\n<p><\/div><div class=\"columns small-12 medium-6 large-6 xlarge-6 xxlarge-6 \"   ><img loading=\"lazy\" decoding=\"async\" class=\"alignnone size-full wp-image-832\" title=\"Advanced Ceramic Preforms &amp; Inserts\" src=\"\/wp-content\/uploads\/2015\/05\/ceramicspage.jpg\" alt=\"Advanced Ceramic Materials - Preforms and Inserts\" width=\"300\" height=\"212\"><\/div><\/div>\n<h4 style=\"margin: 10px 0;\">Materiales Cer\u00e1micos<\/h4>\n<p>Las industrias aeroespacial, m\u00e9dica, n\u00e1utica y de defensa, utilizan cer\u00e1mica de al\u00famina para muchas aplicaciones. Por ejemplo, la al\u00famina se puede encontrar en los sistemas de encendido para motores de aviones y sensores m\u00e9dicos. Elan Technology ofrece al\u00famina con diferentes niveles de pureza, que van desde 85% a 96% con el fin de cubrir cualquier aplicaci\u00f3n. Componentes de al\u00famina de alta pureza se utilizan com\u00fanmente en ambientes corrosivos donde otros materiales cer\u00e1micos no son adecuados.<\/p>\n<p>Otra cer\u00e1mica industrial popular es la esteatita, que es utilizada en muchas aplicaciones el\u00e9ctricas, ya que posee excelentes propiedades de aislamiento el\u00e9ctrico. La esteatita que Elan Technology produce se utiliza en aplicaciones como termostatos para el hogar y como componentes internos de los sistemas HVAC.<\/p>\n<p>Zirconia (di\u00f3xido de circonio) es un material cer\u00e1mico que ha encontrado r\u00e1pidamente su uso en muchas aplicaciones, tales como la cer\u00e1mica estructural, sensores automotrices y cer\u00e1micas dentales. La resistencia superior al desgaste y la resistencia mec\u00e1nica de la zirconia tambi\u00e9n ha llevado a su uso en aplicaciones tales como baleros y medios de trituraci\u00f3n. Elan Technology ofrece una zirconia estabilizada con Itria, que puede ser desarrollar para necesidades espec\u00edficas de nuestros clientes.<\/p>\n<p>Adem\u00e1s de prensado en seco, podemos realizar el maquinado de los componentes de cer\u00e1mica antes de que sea cocinada, para obtener cualquier tipo geometr\u00eda. Si es necesario, tenemos la capacidad de pulir las partes una vez que estas ya han sido cocinadas con el objetivo de lograr tolerancias exactas.<\/p>\n<p>Nuestro equipo de ingenieros brindan apoyo para la selecci\u00f3n de materiales y el dise\u00f1o del componente.<\/p>\n<h4 style=\"margin: 10px 0;\">Cer\u00e1micas T\u00e9cnicas<\/h4>\n<p>Como un fabricante de cer\u00e1micas t\u00e9cnicas, suministramos componentes para una amplia variedad de aplicaciones. A continuaci\u00f3n se presentan algunas de las industrias donde se utilizan nuestros materiales diariamente:<\/p>\n<ul>\n<li>Aeroespacial<\/li>\n<li>Microelectr\u00f3nica<\/li>\n<li>Salud<\/li>\n<li>Iluminaci\u00f3n<\/li>\n<li>Defensa<\/li>\n<li>Automotriz<\/li>\n<li>Sistemas Marinos<\/li>\n<li>Telecomunicaciones<\/li>\n<\/ul>\n<hr>\n<h4 style=\"margin-bottom: 10px;\"> Certificaciones<\/h4>\n<p><a href=\"\/about-us\/quality-system\/\"><img decoding=\"async\" width=\"90\" title=\"certification\" alt=\"ISO 9001:20018 Certification\" src=\"\/wp-content\/uploads\/2018\/04\/ISO-9001-2015.jpg\"><\/a><\/p>\n<div class=\"readmore\">\n<h4>M\u00e1s informaci\u00f3n<\/h4>\n<p><a href=\"https:\/\/en.wikipedia.org\/wiki\/Ceramic\" target=\"_blank\" rel=\"noopener\">Wikipedia: Materiales Ceramicos<\/a><a href=\"https:\/\/ceramics.org\/tag\/advanced-ceramic-materials\/\" target=\"_blank\" rel=\"nofollow noopener\">Ceramics.org: Advanced Ceramic Materials<\/a><\/p>\n<\/div>\n","protected":false},"excerpt":{"rendered":"<p>Materiales Cer\u00e1micos Las industrias aeroespacial, m\u00e9dica, n\u00e1utica y de defensa, utilizan cer\u00e1mica de al\u00famina para muchas aplicaciones. Por ejemplo, la al\u00famina se puede encontrar en los sistemas de encendido para motores de aviones y sensores m\u00e9dicos. Elan Technology ofrece al\u00famina con diferentes niveles de pureza, que van desde 85% a 96% con el fin de [&hellip;]<\/p>\n","protected":false},"author":1,"featured_media":0,"parent":0,"menu_order":2,"comment_status":"open","ping_status":"closed","template":"","meta":{"_acf_changed":false,"footnotes":""},"class_list":["post-2067","page","type-page","status-publish","hentry"],"acf":[],"yoast_head":"<!-- This site is optimized with the Yoast SEO plugin v27.4 - https:\/\/yoast.com\/product\/yoast-seo-wordpress\/ -->\n<title>Materiales Cer\u00e1micas T\u00e9cnicas | Al\u00famina Tecnolog\u00eda Cer\u00e1mica<\/title>\n<meta name=\"description\" content=\"Elan Technology es un l\u00edder de la industria de cer\u00e1micas t\u00e9cnicas en la fabricaci\u00f3n de componentes cer\u00e1micos y materiales cer\u00e1micos avanzados.\" \/>\n<meta name=\"robots\" content=\"index, follow, max-snippet:-1, max-image-preview:large, max-video-preview:-1\" \/>\n<link rel=\"canonical\" href=\"https:\/\/www.elantechnology.com\/es\/ceramicas\/\" \/>\n<meta property=\"og:locale\" content=\"es_ES\" \/>\n<meta property=\"og:type\" content=\"article\" \/>\n<meta property=\"og:title\" content=\"Materiales Cer\u00e1micas T\u00e9cnicas | Al\u00famina Tecnolog\u00eda Cer\u00e1mica\" \/>\n<meta property=\"og:description\" content=\"Elan Technology es un l\u00edder de la industria de cer\u00e1micas t\u00e9cnicas en la fabricaci\u00f3n de componentes cer\u00e1micos y materiales cer\u00e1micos avanzados.\" \/>\n<meta property=\"og:url\" content=\"https:\/\/www.elantechnology.com\/es\/ceramicas\/\" \/>\n<meta property=\"og:site_name\" content=\"Elan Technology\" \/>\n<meta property=\"article:modified_time\" content=\"2023-08-25T22:04:27+00:00\" \/>\n<meta property=\"og:image\" content=\"https:\/\/www.elantechnology.com\/wp-content\/uploads\/2023\/04\/hero-spray-drying.jpg\" \/>\n\t<meta property=\"og:image:width\" content=\"1088\" \/>\n\t<meta property=\"og:image:height\" content=\"458\" \/>\n\t<meta property=\"og:image:type\" content=\"image\/jpeg\" \/>\n<meta name=\"twitter:card\" content=\"summary_large_image\" \/>\n<script type=\"application\/ld+json\" class=\"yoast-schema-graph\">{\"@context\":\"https:\\\/\\\/schema.org\",\"@graph\":[{\"@type\":\"WebPage\",\"@id\":\"https:\\\/\\\/www.elantechnology.com\\\/es\\\/ceramicas\\\/\",\"url\":\"https:\\\/\\\/www.elantechnology.com\\\/es\\\/ceramicas\\\/\",\"name\":\"Materiales Cer\u00e1micas T\u00e9cnicas | Al\u00famina Tecnolog\u00eda Cer\u00e1mica\",\"isPartOf\":{\"@id\":\"https:\\\/\\\/www.elantechnology.com\\\/#website\"},\"datePublished\":\"2015-08-13T21:18:37+00:00\",\"dateModified\":\"2023-08-25T22:04:27+00:00\",\"description\":\"Elan Technology es un l\u00edder de la industria de cer\u00e1micas t\u00e9cnicas en la fabricaci\u00f3n de componentes cer\u00e1micos y materiales cer\u00e1micos avanzados.\",\"breadcrumb\":{\"@id\":\"https:\\\/\\\/www.elantechnology.com\\\/es\\\/ceramicas\\\/#breadcrumb\"},\"inLanguage\":\"es\",\"potentialAction\":[{\"@type\":\"ReadAction\",\"target\":[\"https:\\\/\\\/www.elantechnology.com\\\/es\\\/ceramicas\\\/\"]}]},{\"@type\":\"BreadcrumbList\",\"@id\":\"https:\\\/\\\/www.elantechnology.com\\\/es\\\/ceramicas\\\/#breadcrumb\",\"itemListElement\":[{\"@type\":\"ListItem\",\"position\":1,\"name\":\"Home\",\"item\":\"https:\\\/\\\/www.elantechnology.com\\\/es\\\/\"},{\"@type\":\"ListItem\",\"position\":2,\"name\":\"Cer\u00e1micas\"}]},{\"@type\":\"WebSite\",\"@id\":\"https:\\\/\\\/www.elantechnology.com\\\/#website\",\"url\":\"https:\\\/\\\/www.elantechnology.com\\\/\",\"name\":\"Elan Technology\",\"description\":\"Elan Technology is a glass and ceramics manufacturer in Midway, GA, USA.\",\"publisher\":{\"@id\":\"https:\\\/\\\/www.elantechnology.com\\\/#organization\"},\"alternateName\":\"Elan\",\"potentialAction\":[{\"@type\":\"SearchAction\",\"target\":{\"@type\":\"EntryPoint\",\"urlTemplate\":\"https:\\\/\\\/www.elantechnology.com\\\/?s={search_term_string}\"},\"query-input\":{\"@type\":\"PropertyValueSpecification\",\"valueRequired\":true,\"valueName\":\"search_term_string\"}}],\"inLanguage\":\"es\"},{\"@type\":\"Organization\",\"@id\":\"https:\\\/\\\/www.elantechnology.com\\\/#organization\",\"name\":\"Elan Technology\",\"alternateName\":\"Elan\",\"url\":\"https:\\\/\\\/www.elantechnology.com\\\/\",\"logo\":{\"@type\":\"ImageObject\",\"inLanguage\":\"es\",\"@id\":\"https:\\\/\\\/www.elantechnology.com\\\/#\\\/schema\\\/logo\\\/image\\\/\",\"url\":\"https:\\\/\\\/www.elantechnology.com\\\/wp-content\\\/uploads\\\/2023\\\/08\\\/Elan-Technology-Logo.png\",\"contentUrl\":\"https:\\\/\\\/www.elantechnology.com\\\/wp-content\\\/uploads\\\/2023\\\/08\\\/Elan-Technology-Logo.png\",\"width\":1000,\"height\":390,\"caption\":\"Elan Technology\"},\"image\":{\"@id\":\"https:\\\/\\\/www.elantechnology.com\\\/#\\\/schema\\\/logo\\\/image\\\/\"},\"sameAs\":[\"https:\\\/\\\/www.linkedin.com\\\/company\\\/elan-technology-inc\"]}]}<\/script>\n<!-- \/ Yoast SEO plugin. -->","yoast_head_json":{"title":"Materiales Cer\u00e1micas T\u00e9cnicas | Al\u00famina Tecnolog\u00eda Cer\u00e1mica","description":"Elan Technology es un l\u00edder de la industria de cer\u00e1micas t\u00e9cnicas en la fabricaci\u00f3n de componentes cer\u00e1micos y materiales cer\u00e1micos avanzados.","robots":{"index":"index","follow":"follow","max-snippet":"max-snippet:-1","max-image-preview":"max-image-preview:large","max-video-preview":"max-video-preview:-1"},"canonical":"https:\/\/www.elantechnology.com\/es\/ceramicas\/","og_locale":"es_ES","og_type":"article","og_title":"Materiales Cer\u00e1micas T\u00e9cnicas | Al\u00famina Tecnolog\u00eda Cer\u00e1mica","og_description":"Elan Technology es un l\u00edder de la industria de cer\u00e1micas t\u00e9cnicas en la fabricaci\u00f3n de componentes cer\u00e1micos y materiales cer\u00e1micos avanzados.","og_url":"https:\/\/www.elantechnology.com\/es\/ceramicas\/","og_site_name":"Elan Technology","article_modified_time":"2023-08-25T22:04:27+00:00","og_image":[{"width":1088,"height":458,"url":"https:\/\/www.elantechnology.com\/wp-content\/uploads\/2023\/04\/hero-spray-drying.jpg","type":"image\/jpeg"}],"twitter_card":"summary_large_image","schema":{"@context":"https:\/\/schema.org","@graph":[{"@type":"WebPage","@id":"https:\/\/www.elantechnology.com\/es\/ceramicas\/","url":"https:\/\/www.elantechnology.com\/es\/ceramicas\/","name":"Materiales Cer\u00e1micas T\u00e9cnicas | Al\u00famina Tecnolog\u00eda Cer\u00e1mica","isPartOf":{"@id":"https:\/\/www.elantechnology.com\/#website"},"datePublished":"2015-08-13T21:18:37+00:00","dateModified":"2023-08-25T22:04:27+00:00","description":"Elan Technology es un l\u00edder de la industria de cer\u00e1micas t\u00e9cnicas en la fabricaci\u00f3n de componentes cer\u00e1micos y materiales cer\u00e1micos avanzados.","breadcrumb":{"@id":"https:\/\/www.elantechnology.com\/es\/ceramicas\/#breadcrumb"},"inLanguage":"es","potentialAction":[{"@type":"ReadAction","target":["https:\/\/www.elantechnology.com\/es\/ceramicas\/"]}]},{"@type":"BreadcrumbList","@id":"https:\/\/www.elantechnology.com\/es\/ceramicas\/#breadcrumb","itemListElement":[{"@type":"ListItem","position":1,"name":"Home","item":"https:\/\/www.elantechnology.com\/es\/"},{"@type":"ListItem","position":2,"name":"Cer\u00e1micas"}]},{"@type":"WebSite","@id":"https:\/\/www.elantechnology.com\/#website","url":"https:\/\/www.elantechnology.com\/","name":"Elan Technology","description":"Elan Technology is a glass and ceramics manufacturer in Midway, GA, USA.","publisher":{"@id":"https:\/\/www.elantechnology.com\/#organization"},"alternateName":"Elan","potentialAction":[{"@type":"SearchAction","target":{"@type":"EntryPoint","urlTemplate":"https:\/\/www.elantechnology.com\/?s={search_term_string}"},"query-input":{"@type":"PropertyValueSpecification","valueRequired":true,"valueName":"search_term_string"}}],"inLanguage":"es"},{"@type":"Organization","@id":"https:\/\/www.elantechnology.com\/#organization","name":"Elan Technology","alternateName":"Elan","url":"https:\/\/www.elantechnology.com\/","logo":{"@type":"ImageObject","inLanguage":"es","@id":"https:\/\/www.elantechnology.com\/#\/schema\/logo\/image\/","url":"https:\/\/www.elantechnology.com\/wp-content\/uploads\/2023\/08\/Elan-Technology-Logo.png","contentUrl":"https:\/\/www.elantechnology.com\/wp-content\/uploads\/2023\/08\/Elan-Technology-Logo.png","width":1000,"height":390,"caption":"Elan Technology"},"image":{"@id":"https:\/\/www.elantechnology.com\/#\/schema\/logo\/image\/"},"sameAs":["https:\/\/www.linkedin.com\/company\/elan-technology-inc"]}]}},"_links":{"self":[{"href":"https:\/\/www.elantechnology.com\/es\/wp-json\/wp\/v2\/pages\/2067","targetHints":{"allow":["GET"]}}],"collection":[{"href":"https:\/\/www.elantechnology.com\/es\/wp-json\/wp\/v2\/pages"}],"about":[{"href":"https:\/\/www.elantechnology.com\/es\/wp-json\/wp\/v2\/types\/page"}],"author":[{"embeddable":true,"href":"https:\/\/www.elantechnology.com\/es\/wp-json\/wp\/v2\/users\/1"}],"replies":[{"embeddable":true,"href":"https:\/\/www.elantechnology.com\/es\/wp-json\/wp\/v2\/comments?post=2067"}],"version-history":[{"count":0,"href":"https:\/\/www.elantechnology.com\/es\/wp-json\/wp\/v2\/pages\/2067\/revisions"}],"wp:attachment":[{"href":"https:\/\/www.elantechnology.com\/es\/wp-json\/wp\/v2\/media?parent=2067"}],"curies":[{"name":"wp","href":"https:\/\/api.w.org\/{rel}","templated":true}]}}