{"id":2063,"date":"2015-08-13T17:01:29","date_gmt":"2015-08-13T21:01:29","guid":{"rendered":"https:\/\/www.elantechnology.com\/?page_id=2063"},"modified":"2017-05-12T12:34:51","modified_gmt":"2017-05-12T16:34:51","slug":"nuestra-compania","status":"publish","type":"page","link":"https:\/\/www.elantechnology.com\/es\/nuestra-compania\/","title":{"rendered":"Nuestra Compa\u00f1\u00eda"},"content":{"rendered":"<h1>Nuestra Compa\u00f1\u00eda<\/h1>\n<h2 class=\"glass-materials\">Empresa Productora de Vidrio y Cer\u00e1mica Industrial en Midway, Georgia, EE.UU.<\/h2>\n<div class=\"row \"   ><div class=\"columns small-12 medium-6 large-6 xlarge-6 xxlarge-6 \"   ><strong>Planta de Elan Technology en el condado Libertad en Georgia<\/strong><\/p>\n<p>Por m\u00e1s de 70 a\u00f1os, Elan Technology ha sido un l\u00edder en la industria del vidrio, cer\u00e1mica y contratista de Secado por Atomizaci\u00f3n. Elan Technology es la una de empresas estadounidense privadas m\u00e1s grandes de su nicho, produciendo preformas y separadores usando vidrio t\u00e9cnico, cer\u00e1mica, y compuestos de vidrio-cer\u00e1mica.<\/p>\n<p><\/div><div class=\"columns small-12 medium-6 large-6 xlarge-6 xxlarge-6 \"   ><img loading=\"lazy\" decoding=\"async\" title=\"building\" src=\"\/wp-content\/uploads\/2015\/06\/building.jpg\" alt=\"Planta de Elan Technology en el condado Libertad en Georgia\" width=\"300\" height=\"181\"><\/div><\/div>\n<p>Nuestro vidrio t\u00e9cnico y piezas de cer\u00e1mica se pueden encontrar en diversas aplicaciones, como la industria de defensa, equipo de exploraci\u00f3n espacial, tel\u00e9fonos celulares, maquinaria industrial, refrigeradores, autom\u00f3viles, linternas y muchas m\u00e1s industrias. Origin Glass es el vidrio utilizado por artistas de alrededor del mundo. Ofrecemos servicios de producci\u00f3n de Secado por Atomizaci\u00f3n los cuales se utilizan para te\u00f1ir el hilo amarillo que se ocupa en los pantalones de mezclilla, producir gasolina, e incluso uno que ayuda a crecer el c\u00e9sped sin qu\u00edmicos da\u00f1inos. Nuestra planta fue construida en 1997 y cuenta con 90,000sq. Ft. en 22 acres.<\/p>\n<p>El Instituto Tecnol\u00f3gico de Massachusetts (MIT) durante una investigaci\u00f3n de empresas importantes de manufactura en EE.UU contacto a Elan Technology , la entrevista sirvi\u00f3 para identificar formas de fortalecer la producci\u00f3n en EE.UU, incluyendo nuevos productos, procesos y como optimizar la producci\u00f3n en las primeras etapas de la producci\u00f3n a trav\u00e9s de la producci\u00f3n comercial y el mercado.<\/p>\n<h2>Elan Technology en las noticias:<\/h2>\n<h3><a href=\"http:\/\/savannahnow.com\/exchange\/2013-09-19\/liberty-county-firm-included-mit-manufacturing-study#.U7wwco1dVRg\" target=\"_blank\" rel=\"nofollow\">Savannah Morning News: Liberty County firm included in MIT manufacturing study<\/a><br \/>\n<small>Savannah Morning News: El Condado Libertad fue incluido en el estudio de manufactura del MIT [Massachusetts Institute of Technology]<\/small><\/h3>\n<h3><a href=\"http:\/\/lcda.com\/Strategic-Assets\/Success-Stories\/Elan.aspx\" target=\"_blank\" rel=\"nofollow\">Liberty County Development Authority: Elan Technology: Manufacturer moves insulation operation from New Jersey<\/a><br \/>\n<small>Liberty County Development Authority: Elan Technology: Fabricante mueve operaci\u00f3nes de aislamiento de Nueva Jersey<\/small><\/h3>\n<h3><a href=\"http:\/\/webfront.savannahtech.edu\/inner.php?press_release_id=365&amp;id=113&amp;pr_year=2009\" target=\"_blank\" rel=\"nofollow\">Savannah Technical College: Tak Argentinis, Elan Technology, Inc. Chairman, to Deliver Commencement Address for Savannah Technical College Spring Graduation<\/a><br \/>\n<small>Savannah Technical College: Tak Argentinis, president de Elan Technology, Inc., fue invitado a la ceremonia de graduaci\u00f3n de primavera de Savannah Technical College<\/small><\/h3>\n<h3><a href=\"http:\/\/innovate.gatech.edu\/manufacturing\/georgia-tech-helps-midway-manufacturer-cut-energy-costs\/\" target=\"_blank\" rel=\"nofollow\">Georgia Tech: Georgia Tech Helps Midway Manufacturer Cut Energy Costs<\/a><br \/>\n<small>Georgia Tech [Georgia Institute of Technology]: Georgia Tech ayuda a las empresas de Midway a reducir costos en energia electrica.<\/small><\/h3>\n<h3><a href=\"http:\/\/businessinsavannah.com\/bis\/2014-05-07\/liberty-teens-eye-potential-apprenticeships?quicktabs_explore_more=0#.U71vlI1dVRg\" target=\"_blank\" rel=\"nofollow\">Business in Savannah: Liberty teens eye potential apprenticeships<\/a><br \/>\n<small>Business in Savannah: Los j\u00f3venes del condado son candidatos potenciales para programas de pr\u00e1cticas laborales.<\/small><\/h3>\n<h3><a href=\"http:\/\/coastalcourier.com\/archives\/66466\/\" target=\"_blank\" rel=\"nofollow\">Coastal Courier: Manufacturing group offering paid apprenticeships<\/a><br \/>\n<small>Coastal Courier: Grupo de empresas ofrecen pr\u00e1cticas pagadas<\/small><\/h3>\n","protected":false},"excerpt":{"rendered":"<p>Nuestra Compa\u00f1\u00eda Empresa Productora de Vidrio y Cer\u00e1mica Industrial en Midway, Georgia, EE.UU. Nuestro vidrio t\u00e9cnico y piezas de cer\u00e1mica se pueden encontrar en diversas aplicaciones, como la industria de defensa, equipo de exploraci\u00f3n espacial, tel\u00e9fonos celulares, maquinaria industrial, refrigeradores, autom\u00f3viles, linternas y muchas m\u00e1s industrias. Origin Glass es el vidrio utilizado por artistas de [&hellip;]<\/p>\n","protected":false},"author":1,"featured_media":0,"parent":0,"menu_order":5,"comment_status":"open","ping_status":"closed","template":"","meta":{"_acf_changed":false,"footnotes":""},"class_list":["post-2063","page","type-page","status-publish","hentry"],"acf":[],"yoast_head":"<!-- This site is optimized with the Yoast SEO plugin v27.4 - https:\/\/yoast.com\/product\/yoast-seo-wordpress\/ -->\n<title>Elan Technology | Productora de Vidrio y Cer\u00e1mica Industrial<\/title>\n<meta name=\"description\" content=\"Elan Technology, los fabricantes m\u00e1s grandes de Estados Unidos de vidrio y cer\u00e1mica. 70 a\u00f1os de experiencia como productora de vidrio.\" \/>\n<meta name=\"robots\" content=\"index, follow, max-snippet:-1, max-image-preview:large, max-video-preview:-1\" \/>\n<link rel=\"canonical\" href=\"https:\/\/www.elantechnology.com\/es\/nuestra-compania\/\" \/>\n<meta property=\"og:locale\" content=\"es_ES\" \/>\n<meta property=\"og:type\" content=\"article\" \/>\n<meta property=\"og:title\" content=\"Elan Technology | Productora de Vidrio y Cer\u00e1mica Industrial\" \/>\n<meta property=\"og:description\" content=\"Elan Technology, los fabricantes m\u00e1s grandes de Estados Unidos de vidrio y cer\u00e1mica. 70 a\u00f1os de experiencia como productora de vidrio.\" \/>\n<meta property=\"og:url\" content=\"https:\/\/www.elantechnology.com\/es\/nuestra-compania\/\" \/>\n<meta property=\"og:site_name\" content=\"Elan Technology\" \/>\n<meta property=\"article:modified_time\" content=\"2017-05-12T16:34:51+00:00\" \/>\n<meta property=\"og:image\" content=\"https:\/\/www.elantechnology.com\/wp-content\/uploads\/2015\/06\/building.jpg\" \/>\n<meta name=\"twitter:card\" content=\"summary_large_image\" \/>\n<script type=\"application\/ld+json\" class=\"yoast-schema-graph\">{\"@context\":\"https:\\\/\\\/schema.org\",\"@graph\":[{\"@type\":\"WebPage\",\"@id\":\"https:\\\/\\\/www.elantechnology.com\\\/es\\\/nuestra-compania\\\/\",\"url\":\"https:\\\/\\\/www.elantechnology.com\\\/es\\\/nuestra-compania\\\/\",\"name\":\"Elan Technology | Productora de Vidrio y Cer\u00e1mica Industrial\",\"isPartOf\":{\"@id\":\"https:\\\/\\\/www.elantechnology.com\\\/#website\"},\"datePublished\":\"2015-08-13T21:01:29+00:00\",\"dateModified\":\"2017-05-12T16:34:51+00:00\",\"description\":\"Elan Technology, los fabricantes m\u00e1s grandes de Estados Unidos de vidrio y cer\u00e1mica. 70 a\u00f1os de experiencia como productora de vidrio.\",\"breadcrumb\":{\"@id\":\"https:\\\/\\\/www.elantechnology.com\\\/es\\\/nuestra-compania\\\/#breadcrumb\"},\"inLanguage\":\"es\",\"potentialAction\":[{\"@type\":\"ReadAction\",\"target\":[\"https:\\\/\\\/www.elantechnology.com\\\/es\\\/nuestra-compania\\\/\"]}]},{\"@type\":\"BreadcrumbList\",\"@id\":\"https:\\\/\\\/www.elantechnology.com\\\/es\\\/nuestra-compania\\\/#breadcrumb\",\"itemListElement\":[{\"@type\":\"ListItem\",\"position\":1,\"name\":\"Home\",\"item\":\"https:\\\/\\\/www.elantechnology.com\\\/es\\\/\"},{\"@type\":\"ListItem\",\"position\":2,\"name\":\"Nuestra Compa\u00f1\u00eda\"}]},{\"@type\":\"WebSite\",\"@id\":\"https:\\\/\\\/www.elantechnology.com\\\/#website\",\"url\":\"https:\\\/\\\/www.elantechnology.com\\\/\",\"name\":\"Elan Technology\",\"description\":\"Elan Technology is a glass and ceramics manufacturer in Midway, GA, USA.\",\"publisher\":{\"@id\":\"https:\\\/\\\/www.elantechnology.com\\\/#organization\"},\"alternateName\":\"Elan\",\"potentialAction\":[{\"@type\":\"SearchAction\",\"target\":{\"@type\":\"EntryPoint\",\"urlTemplate\":\"https:\\\/\\\/www.elantechnology.com\\\/?s={search_term_string}\"},\"query-input\":{\"@type\":\"PropertyValueSpecification\",\"valueRequired\":true,\"valueName\":\"search_term_string\"}}],\"inLanguage\":\"es\"},{\"@type\":\"Organization\",\"@id\":\"https:\\\/\\\/www.elantechnology.com\\\/#organization\",\"name\":\"Elan Technology\",\"alternateName\":\"Elan\",\"url\":\"https:\\\/\\\/www.elantechnology.com\\\/\",\"logo\":{\"@type\":\"ImageObject\",\"inLanguage\":\"es\",\"@id\":\"https:\\\/\\\/www.elantechnology.com\\\/#\\\/schema\\\/logo\\\/image\\\/\",\"url\":\"https:\\\/\\\/www.elantechnology.com\\\/wp-content\\\/uploads\\\/2023\\\/08\\\/Elan-Technology-Logo.png\",\"contentUrl\":\"https:\\\/\\\/www.elantechnology.com\\\/wp-content\\\/uploads\\\/2023\\\/08\\\/Elan-Technology-Logo.png\",\"width\":1000,\"height\":390,\"caption\":\"Elan Technology\"},\"image\":{\"@id\":\"https:\\\/\\\/www.elantechnology.com\\\/#\\\/schema\\\/logo\\\/image\\\/\"},\"sameAs\":[\"https:\\\/\\\/www.linkedin.com\\\/company\\\/elan-technology-inc\"]}]}<\/script>\n<!-- \/ Yoast SEO plugin. -->","yoast_head_json":{"title":"Elan Technology | Productora de Vidrio y Cer\u00e1mica Industrial","description":"Elan Technology, los fabricantes m\u00e1s grandes de Estados Unidos de vidrio y cer\u00e1mica. 70 a\u00f1os de experiencia como productora de vidrio.","robots":{"index":"index","follow":"follow","max-snippet":"max-snippet:-1","max-image-preview":"max-image-preview:large","max-video-preview":"max-video-preview:-1"},"canonical":"https:\/\/www.elantechnology.com\/es\/nuestra-compania\/","og_locale":"es_ES","og_type":"article","og_title":"Elan Technology | Productora de Vidrio y Cer\u00e1mica Industrial","og_description":"Elan Technology, los fabricantes m\u00e1s grandes de Estados Unidos de vidrio y cer\u00e1mica. 70 a\u00f1os de experiencia como productora de vidrio.","og_url":"https:\/\/www.elantechnology.com\/es\/nuestra-compania\/","og_site_name":"Elan Technology","article_modified_time":"2017-05-12T16:34:51+00:00","og_image":[{"url":"https:\/\/www.elantechnology.com\/wp-content\/uploads\/2015\/06\/building.jpg","type":"","width":"","height":""}],"twitter_card":"summary_large_image","schema":{"@context":"https:\/\/schema.org","@graph":[{"@type":"WebPage","@id":"https:\/\/www.elantechnology.com\/es\/nuestra-compania\/","url":"https:\/\/www.elantechnology.com\/es\/nuestra-compania\/","name":"Elan Technology | Productora de Vidrio y Cer\u00e1mica Industrial","isPartOf":{"@id":"https:\/\/www.elantechnology.com\/#website"},"datePublished":"2015-08-13T21:01:29+00:00","dateModified":"2017-05-12T16:34:51+00:00","description":"Elan Technology, los fabricantes m\u00e1s grandes de Estados Unidos de vidrio y cer\u00e1mica. 70 a\u00f1os de experiencia como productora de vidrio.","breadcrumb":{"@id":"https:\/\/www.elantechnology.com\/es\/nuestra-compania\/#breadcrumb"},"inLanguage":"es","potentialAction":[{"@type":"ReadAction","target":["https:\/\/www.elantechnology.com\/es\/nuestra-compania\/"]}]},{"@type":"BreadcrumbList","@id":"https:\/\/www.elantechnology.com\/es\/nuestra-compania\/#breadcrumb","itemListElement":[{"@type":"ListItem","position":1,"name":"Home","item":"https:\/\/www.elantechnology.com\/es\/"},{"@type":"ListItem","position":2,"name":"Nuestra Compa\u00f1\u00eda"}]},{"@type":"WebSite","@id":"https:\/\/www.elantechnology.com\/#website","url":"https:\/\/www.elantechnology.com\/","name":"Elan Technology","description":"Elan Technology is a glass and ceramics manufacturer in Midway, GA, USA.","publisher":{"@id":"https:\/\/www.elantechnology.com\/#organization"},"alternateName":"Elan","potentialAction":[{"@type":"SearchAction","target":{"@type":"EntryPoint","urlTemplate":"https:\/\/www.elantechnology.com\/?s={search_term_string}"},"query-input":{"@type":"PropertyValueSpecification","valueRequired":true,"valueName":"search_term_string"}}],"inLanguage":"es"},{"@type":"Organization","@id":"https:\/\/www.elantechnology.com\/#organization","name":"Elan Technology","alternateName":"Elan","url":"https:\/\/www.elantechnology.com\/","logo":{"@type":"ImageObject","inLanguage":"es","@id":"https:\/\/www.elantechnology.com\/#\/schema\/logo\/image\/","url":"https:\/\/www.elantechnology.com\/wp-content\/uploads\/2023\/08\/Elan-Technology-Logo.png","contentUrl":"https:\/\/www.elantechnology.com\/wp-content\/uploads\/2023\/08\/Elan-Technology-Logo.png","width":1000,"height":390,"caption":"Elan Technology"},"image":{"@id":"https:\/\/www.elantechnology.com\/#\/schema\/logo\/image\/"},"sameAs":["https:\/\/www.linkedin.com\/company\/elan-technology-inc"]}]}},"_links":{"self":[{"href":"https:\/\/www.elantechnology.com\/es\/wp-json\/wp\/v2\/pages\/2063","targetHints":{"allow":["GET"]}}],"collection":[{"href":"https:\/\/www.elantechnology.com\/es\/wp-json\/wp\/v2\/pages"}],"about":[{"href":"https:\/\/www.elantechnology.com\/es\/wp-json\/wp\/v2\/types\/page"}],"author":[{"embeddable":true,"href":"https:\/\/www.elantechnology.com\/es\/wp-json\/wp\/v2\/users\/1"}],"replies":[{"embeddable":true,"href":"https:\/\/www.elantechnology.com\/es\/wp-json\/wp\/v2\/comments?post=2063"}],"version-history":[{"count":0,"href":"https:\/\/www.elantechnology.com\/es\/wp-json\/wp\/v2\/pages\/2063\/revisions"}],"wp:attachment":[{"href":"https:\/\/www.elantechnology.com\/es\/wp-json\/wp\/v2\/media?parent=2063"}],"curies":[{"name":"wp","href":"https:\/\/api.w.org\/{rel}","templated":true}]}}