{"id":2059,"date":"2015-08-13T16:16:28","date_gmt":"2015-08-13T20:16:28","guid":{"rendered":"https:\/\/www.elantechnology.com\/?page_id=2059"},"modified":"2023-04-17T16:15:24","modified_gmt":"2023-04-17T20:15:24","slug":"2059-2","status":"publish","type":"page","link":"https:\/\/www.elantechnology.com\/es\/","title":{"rendered":"Homepage"},"content":{"rendered":"<h1>Elan Technology: Empresa Productora de Vidrio y Cer\u00e1mica. <\/h1>\n<p><div class=\"row \"   ><div class=\"columns small-12 medium-4 large-4 xlarge-4 xxlarge-4 medium-push-8 home-miig\"   ><a href=\"\/es\/nuestra-compania\/\"><img decoding=\"async\" alt=\"Glass Manufacturer Elan Technology\" src=\"\/wp-content\/uploads\/2015\/05\/building.jpg\" style=\"margin-top:20px;\"><\/a><br \/>\n<small><a href=\"\/es\/nuestra-compania\/\">About Elan Technology<\/a><\/small><\/div><div class=\"columns small-12 medium-8 large-8 xlarge-8 xxlarge-8 medium-pull-4\"   ><\/p>\n<h2><a href=\"\/es\/nuestra-compania\/\">70 A\u00f1os de Manufactura Avanzada<\/a><\/h2>\n<p>Elan Technology fue construida en 1997, la planta tiene 90,000ft2 en 22 acres. Ubicada en la ciudad de Midway, GA , nuestra planta fue construida espec\u00edficamente para crear la soluci\u00f3n m\u00e1s eficiente para nuestros procesos de fabricaci\u00f3n . A partir de 1998, nuestro sistema de calidad se registr\u00f3 con la norma ISO -9000 \/ QS &#8211; 9000 y en 2005 ISO \/ TS-16949.<\/p>\n<p><\/div><\/div><div class=\"row \"   ><div class=\"columns small-12 medium-4 large-4 xlarge-4 xxlarge-4 medium-push-8\"   ><a href=\"\/es\/vidrios\/\"><img decoding=\"async\" alt=\"Elan Technology Glass Manufacturers\" src=\"\/wp-content\/uploads\/2015\/05\/misc-preforms-01_section.jpg\" style=\"margin-top:20px;\"><\/a><br \/>\n<small><a href=\"\/es\/vidrios\/\">Vidrio<\/a><\/small><\/div><div class=\"columns small-12 medium-8 large-8 xlarge-8 xxlarge-8 medium-pull-4\"   ><\/p>\n<h2><a href=\"\/es\/vidrios\/\">Productores de Vidrio<\/a><\/h2>\n<p>Como uno de los productores de vidrio m\u00e1s grandes en los Estados Unidos, Elan Technology produce preformas de vidrio hechas de cientas de composiciones propias con propiedades electr\u00f3nicas que se utilizan en una variedad de aplicaciones, com\u00fanmente se usan para combinar con metales para sellos herm\u00e9ticos. Asimismo, ofrecemos nuestros materiales de vidrio en forma molida o polvo secado por atomizaci\u00f3n. Nuestros preformas de vidrio se utilizan en la industria m\u00e9dica, defensa, aeroespacial, iluminaci\u00f3n, automotriz y microelectr\u00f3nica. Ofrecemos a nuestros clientes apoyo t\u00e9cnico para la selecci\u00f3n de materiales y el dise\u00f1o de preforma. Tambi\u00e9n tenemos la capacidad de desarrollar nuevos materiales de vidrio para aplicaciones espec\u00edficas de nuestros clientes.<\/p>\n<p><\/div><\/div><div class=\"row \"   ><div class=\"columns small-12 medium-4 large-4 xlarge-4 xxlarge-4 medium-push-8\"   ><a href=\"\/es\/ceramicas\/\"><img decoding=\"async\" alt=\"Ceramic Company\" src=\"\/wp-content\/uploads\/2015\/05\/ceramicspage.jpg\" style=\"margin-top:20px;\"><\/a><br \/>\n<small><a href=\"\/es\/ceramicas\/\">Cer\u00e1micas<\/a><\/small><\/div><div class=\"columns small-12 medium-8 large-8 xlarge-8 xxlarge-8 medium-pull-4\"   ><\/p>\n<h2><a href=\"\/es\/ceramicas\/\">Una Empresa de Cer\u00e1micas T\u00e9cnicas<\/a><\/h2>\n<p>Cer\u00e1micas t\u00e9cnicas avanzadas est\u00e1n encontrando m\u00e1s usos en aplicaciones m\u00e1s frecuentes. Como empresa de cer\u00e1mica con m\u00e1s de 70 a\u00f1os de experiencia, Elan Technology ofrece una variedad de materiales cer\u00e1micos, tales como cer\u00e1mica de al\u00famina, esteatita, zirconia, cordierita y la mullita. Nuestros materiales son utilizados para hacer piezas que resistan el desgaste, aislantes e insertos cer\u00e1micos para aplicaciones industriales. Ya sea para una aplicaci\u00f3n aeroespacial, un simple espaciador que resista el calor, o un sello herm\u00e9tico, ofrecemos un material para cualquier aplicaci\u00f3n.<\/p>\n<p><\/div><\/div><div class=\"row \"   ><div class=\"columns small-12 medium-4 large-4 xlarge-4 xxlarge-4 medium-push-8\"   ><a href=\"\/glass\/glass-ceramic-composite-components\/\"><img decoding=\"async\" alt=\"Elan 46 Glass Ceramic Composite\" src=\"\/wp-content\/uploads\/2015\/05\/gi-communications.jpg\" style=\"margin-top:20px;\"><\/a><br \/>\n<small><a href=\"\/glass\/glass-ceramic-composite-components\/\">Compuesto de Vidrio \u2013 Cer\u00e1mica<\/a><\/small><\/div><div class=\"columns small-12 medium-8 large-8 xlarge-8 xxlarge-8 medium-pull-4\"   ><\/p>\n<h2><a href=\"\/glass\/glass-ceramic-composite-components\/\">Compuesto de Vidrio \u2013 Cer\u00e1mica<\/a><\/h2>\n<p>Nuestro material compuesto de vidrio-cer\u00e1mica ha sido adoptado por varios de nuestros clientes como reemplazo de la cer\u00e1mica tradicional en ciertas aplicaciones. Eliminando la necesidad de soldadura, el material Elan 46 un vidrio-cer\u00e1mica proporciona un mayor rendimiento comprobado, al tiempo que reduce los costos de fabricaci\u00f3n. Con un coeficiente de expansi\u00f3n t\u00e9rmica de 110-220 (&times;10<sup>-7<\/sup> in\/in\/&deg;C), Elan 46 puede soportar la metalizaci\u00f3n o soldadura hasta 700 \u00b0 C (a pesar de que no se requiere soldadura).<\/p>\n<p><\/div><\/div><div class=\"row \"   ><div class=\"columns small-12 medium-4 large-4 xlarge-4 xxlarge-4 medium-push-8\"   ><a href=\"http:\/\/originglass.com\/\" rel=\"nofollow noopener\" target=\"_blank\"><img decoding=\"async\" alt=\"Origin Glass Art Glass\" src=\"\/wp-content\/uploads\/2015\/05\/origin_logo.jpg\" style=\"margin-top:20px;\"><\/a><br \/>\n<small><a href=\"http:\/\/originglass.com\/\" rel=\"nofollow noopener\" target=\"_blank\">Origin Vidrio para Arte<\/a><\/small><\/div><div class=\"columns small-12 medium-8 large-8 xlarge-8 xxlarge-8 medium-pull-4\"   ><\/p>\n<h2><a href=\"http:\/\/originglass.com\/\" rel=\"nofollow noopener\" target=\"_blank\">Vidrio para Arte<\/a><\/h2>\n<p>Origin Glass, es una divisi\u00f3n de Elan Technology, Inc., que produce vidrio de borosilicato de alta calidad para aplicaciones art\u00edsticas. Ofreciendo una amplia gama de colores brillantes utilizados por aficionados y artistas profesionales, nuestros \u201cBorostix\u201d se pueden encontrar en estudios alrededor del mundo. Todos nuestros colores est\u00e1n disponibles con nuestros distribuidores en Am\u00e9rica del Norte y en diferentes partes del mundo.<\/p>\n<p><\/div><\/div><div class=\"row \"   ><div class=\"columns small-12 medium-4 large-4 xlarge-4 xxlarge-4 medium-push-8\"   ><a href=\"\/spray-drying\/\"><img decoding=\"async\" alt=\"Elan Spray Drying Technology\" src=\"\/wp-content\/uploads\/2015\/05\/PSA-lab.jpg\" style=\"margin-top:20px;\"><\/a><br \/>\n<small><a href=\"\/spray-drying\/\">Servicios de Secado por Atomizaci\u00f3n<\/a><\/small><\/div><div class=\"columns small-12 medium-8 large-8 xlarge-8 xxlarge-8 medium-pull-4\"   ><\/p>\n<h2><a href=\"\/spray-drying\/\">Servicios de Secado por Atomizaci\u00f3n<\/a><\/h2>\n<p>Ofrecemos servicios por contrato de secado por atomizaci\u00f3n a empresas de cualquier tipo de industrias, tales como catalizadores, pigmentos, detergentes y cer\u00e1micas. Procesamos millones de libras de material al a\u00f1o. Ingenieros con experiencia trabajan con nuestros clientes para optimizar el proceso de secado por atomizaci\u00f3n con el objetivo de lograr la m\u00e1s alta calidad del producto. Tambi\u00e9n tenemos la capacidad en menor escala para proyectos prototipos. Ofrecemos una amplia gama de opciones de almacenamiento, mezcla, empaque y atomizaci\u00f3n, que nos da la flexibilidad de personalizar nuestros procesos para satisfacer las necesidades de nuestros clientes.<\/p>\n<p><\/div><\/div><div class=\"row \"   ><div class=\"columns small-12 medium-4 large-4 xlarge-4 xxlarge-4 medium-push-8\"   ><a href=\"\/machining\"><img decoding=\"async\" alt=\"Elan Spray Drying Technology\" src=\"\/wp-content\/uploads\/2015\/05\/machining1.jpg\" style=\"margin-top:20px;\"><\/a><br \/>\n<small><a href=\"\/machining\">Maquinado<\/a><\/small><\/div><div class=\"columns small-12 medium-8 large-8 xlarge-8 xxlarge-8 medium-pull-4\"   ><\/p>\n<h2><a href=\"\/machining\">Maquinado<\/a><\/h2>\n<p>Mantenemos un taller de maquinaria completa para apoyar la fabricaci\u00f3n de herramientas y moldes para todas nuestras prensas. Adem\u00e1s, nuestros expertos en tecnolog\u00eda de maquinado ayudan a nuestros clientes proporcionando una variedad de servicios. Podemos maquinar una gran variedad de materiales, incluyendo moldes de acero, aluminio, cer\u00e1mica, carburo, y pl\u00e1sticos.<\/p>\n<p><\/div><\/div><div class=\"row \"   ><div class=\"columns small-12 medium-12 large-12 xlarge-12 xxlarge-12 \"   ><\/p>\n<h4><span class=\"check\"><\/span> M\u00e1s de 70 a\u00f1os de experiencia<\/h4>\n<h4><span class=\"check\"><\/span> Somos la empresa privada m\u00e1s grande en Estados Unidos en nuestro campo<\/h4>\n<h4><span class=\"check\"><\/span> Creamos y personalizamos nuestros procesos para cualquier tipo de aplicaci\u00f3n.<\/h4>\n<p><\/div><\/div><div class=\"row \"   ><div class=\"columns small-12 medium-12 large-12 xlarge-12 xxlarge-12 \"   ><br \/>\n<\/div><\/div><\/p>\n","protected":false},"excerpt":{"rendered":"<p>Elan Technology: Empresa Productora de Vidrio y Cer\u00e1mica.<\/p>\n","protected":false},"author":1,"featured_media":0,"parent":0,"menu_order":0,"comment_status":"open","ping_status":"open","template":"templates\/homepage.php","meta":{"_acf_changed":false,"footnotes":""},"class_list":["post-2059","page","type-page","status-publish","hentry"],"acf":[],"yoast_head":"<!-- This site is optimized with the Yoast SEO plugin v27.4 - https:\/\/yoast.com\/product\/yoast-seo-wordpress\/ -->\n<title>Elan Technology: Productores de Vidrio &amp; Cer\u00e1micas<\/title>\n<meta name=\"description\" content=\"Uno de los productores de vidrio y cer\u00e1micas m\u00e1s grandes en los Estados Unidos, Elan Technology hace cer\u00e1micas industriales avanzados y materiales de vidrio\" \/>\n<meta name=\"robots\" content=\"index, follow, max-snippet:-1, max-image-preview:large, max-video-preview:-1\" \/>\n<link rel=\"canonical\" href=\"https:\/\/www.elantechnology.com\/es\/\" \/>\n<meta property=\"og:locale\" content=\"es_ES\" \/>\n<meta property=\"og:type\" content=\"article\" \/>\n<meta property=\"og:title\" content=\"Elan Technology: Productores de Vidrio &amp; Cer\u00e1micas\" \/>\n<meta property=\"og:description\" content=\"Uno de los productores de vidrio y cer\u00e1micas m\u00e1s grandes en los Estados Unidos, Elan Technology hace cer\u00e1micas industriales avanzados y materiales de vidrio\" \/>\n<meta property=\"og:url\" content=\"https:\/\/www.elantechnology.com\/es\/\" \/>\n<meta property=\"og:site_name\" content=\"Elan Technology\" \/>\n<meta property=\"article:modified_time\" content=\"2023-04-17T20:15:24+00:00\" \/>\n<meta property=\"og:image\" content=\"https:\/\/www.elantechnology.com\/wp-content\/uploads\/2023\/04\/hero-spray-drying.jpg\" \/>\n\t<meta property=\"og:image:width\" content=\"1088\" \/>\n\t<meta property=\"og:image:height\" content=\"458\" \/>\n\t<meta property=\"og:image:type\" content=\"image\/jpeg\" \/>\n<meta name=\"twitter:card\" content=\"summary_large_image\" \/>\n<script type=\"application\/ld+json\" class=\"yoast-schema-graph\">{\"@context\":\"https:\\\/\\\/schema.org\",\"@graph\":[{\"@type\":\"WebPage\",\"@id\":\"https:\\\/\\\/www.elantechnology.com\\\/es\\\/\",\"url\":\"https:\\\/\\\/www.elantechnology.com\\\/es\\\/\",\"name\":\"Elan Technology: Productores de Vidrio & Cer\u00e1micas\",\"isPartOf\":{\"@id\":\"https:\\\/\\\/www.elantechnology.com\\\/#website\"},\"datePublished\":\"2015-08-13T20:16:28+00:00\",\"dateModified\":\"2023-04-17T20:15:24+00:00\",\"description\":\"Uno de los productores de vidrio y cer\u00e1micas m\u00e1s grandes en los Estados Unidos, Elan Technology hace cer\u00e1micas industriales avanzados y materiales de vidrio\",\"breadcrumb\":{\"@id\":\"https:\\\/\\\/www.elantechnology.com\\\/es\\\/#breadcrumb\"},\"inLanguage\":\"es\",\"potentialAction\":[{\"@type\":\"ReadAction\",\"target\":[\"https:\\\/\\\/www.elantechnology.com\\\/es\\\/\"]}]},{\"@type\":\"BreadcrumbList\",\"@id\":\"https:\\\/\\\/www.elantechnology.com\\\/es\\\/#breadcrumb\",\"itemListElement\":[{\"@type\":\"ListItem\",\"position\":1,\"name\":\"Home\",\"item\":\"https:\\\/\\\/www.elantechnology.com\\\/es\\\/\"},{\"@type\":\"ListItem\",\"position\":2,\"name\":\"Homepage\"}]},{\"@type\":\"WebSite\",\"@id\":\"https:\\\/\\\/www.elantechnology.com\\\/#website\",\"url\":\"https:\\\/\\\/www.elantechnology.com\\\/\",\"name\":\"Elan Technology\",\"description\":\"Elan Technology is a glass and ceramics manufacturer in Midway, GA, USA.\",\"publisher\":{\"@id\":\"https:\\\/\\\/www.elantechnology.com\\\/#organization\"},\"alternateName\":\"Elan\",\"potentialAction\":[{\"@type\":\"SearchAction\",\"target\":{\"@type\":\"EntryPoint\",\"urlTemplate\":\"https:\\\/\\\/www.elantechnology.com\\\/?s={search_term_string}\"},\"query-input\":{\"@type\":\"PropertyValueSpecification\",\"valueRequired\":true,\"valueName\":\"search_term_string\"}}],\"inLanguage\":\"es\"},{\"@type\":\"Organization\",\"@id\":\"https:\\\/\\\/www.elantechnology.com\\\/#organization\",\"name\":\"Elan Technology\",\"alternateName\":\"Elan\",\"url\":\"https:\\\/\\\/www.elantechnology.com\\\/\",\"logo\":{\"@type\":\"ImageObject\",\"inLanguage\":\"es\",\"@id\":\"https:\\\/\\\/www.elantechnology.com\\\/#\\\/schema\\\/logo\\\/image\\\/\",\"url\":\"https:\\\/\\\/www.elantechnology.com\\\/wp-content\\\/uploads\\\/2023\\\/08\\\/Elan-Technology-Logo.png\",\"contentUrl\":\"https:\\\/\\\/www.elantechnology.com\\\/wp-content\\\/uploads\\\/2023\\\/08\\\/Elan-Technology-Logo.png\",\"width\":1000,\"height\":390,\"caption\":\"Elan Technology\"},\"image\":{\"@id\":\"https:\\\/\\\/www.elantechnology.com\\\/#\\\/schema\\\/logo\\\/image\\\/\"},\"sameAs\":[\"https:\\\/\\\/www.linkedin.com\\\/company\\\/elan-technology-inc\"]}]}<\/script>\n<!-- \/ Yoast SEO plugin. -->","yoast_head_json":{"title":"Elan Technology: Productores de Vidrio & Cer\u00e1micas","description":"Uno de los productores de vidrio y cer\u00e1micas m\u00e1s grandes en los Estados Unidos, Elan Technology hace cer\u00e1micas industriales avanzados y materiales de vidrio","robots":{"index":"index","follow":"follow","max-snippet":"max-snippet:-1","max-image-preview":"max-image-preview:large","max-video-preview":"max-video-preview:-1"},"canonical":"https:\/\/www.elantechnology.com\/es\/","og_locale":"es_ES","og_type":"article","og_title":"Elan Technology: Productores de Vidrio & Cer\u00e1micas","og_description":"Uno de los productores de vidrio y cer\u00e1micas m\u00e1s grandes en los Estados Unidos, Elan Technology hace cer\u00e1micas industriales avanzados y materiales de vidrio","og_url":"https:\/\/www.elantechnology.com\/es\/","og_site_name":"Elan Technology","article_modified_time":"2023-04-17T20:15:24+00:00","og_image":[{"width":1088,"height":458,"url":"https:\/\/www.elantechnology.com\/wp-content\/uploads\/2023\/04\/hero-spray-drying.jpg","type":"image\/jpeg"}],"twitter_card":"summary_large_image","schema":{"@context":"https:\/\/schema.org","@graph":[{"@type":"WebPage","@id":"https:\/\/www.elantechnology.com\/es\/","url":"https:\/\/www.elantechnology.com\/es\/","name":"Elan Technology: Productores de Vidrio & Cer\u00e1micas","isPartOf":{"@id":"https:\/\/www.elantechnology.com\/#website"},"datePublished":"2015-08-13T20:16:28+00:00","dateModified":"2023-04-17T20:15:24+00:00","description":"Uno de los productores de vidrio y cer\u00e1micas m\u00e1s grandes en los Estados Unidos, Elan Technology hace cer\u00e1micas industriales avanzados y materiales de vidrio","breadcrumb":{"@id":"https:\/\/www.elantechnology.com\/es\/#breadcrumb"},"inLanguage":"es","potentialAction":[{"@type":"ReadAction","target":["https:\/\/www.elantechnology.com\/es\/"]}]},{"@type":"BreadcrumbList","@id":"https:\/\/www.elantechnology.com\/es\/#breadcrumb","itemListElement":[{"@type":"ListItem","position":1,"name":"Home","item":"https:\/\/www.elantechnology.com\/es\/"},{"@type":"ListItem","position":2,"name":"Homepage"}]},{"@type":"WebSite","@id":"https:\/\/www.elantechnology.com\/#website","url":"https:\/\/www.elantechnology.com\/","name":"Elan Technology","description":"Elan Technology is a glass and ceramics manufacturer in Midway, GA, USA.","publisher":{"@id":"https:\/\/www.elantechnology.com\/#organization"},"alternateName":"Elan","potentialAction":[{"@type":"SearchAction","target":{"@type":"EntryPoint","urlTemplate":"https:\/\/www.elantechnology.com\/?s={search_term_string}"},"query-input":{"@type":"PropertyValueSpecification","valueRequired":true,"valueName":"search_term_string"}}],"inLanguage":"es"},{"@type":"Organization","@id":"https:\/\/www.elantechnology.com\/#organization","name":"Elan Technology","alternateName":"Elan","url":"https:\/\/www.elantechnology.com\/","logo":{"@type":"ImageObject","inLanguage":"es","@id":"https:\/\/www.elantechnology.com\/#\/schema\/logo\/image\/","url":"https:\/\/www.elantechnology.com\/wp-content\/uploads\/2023\/08\/Elan-Technology-Logo.png","contentUrl":"https:\/\/www.elantechnology.com\/wp-content\/uploads\/2023\/08\/Elan-Technology-Logo.png","width":1000,"height":390,"caption":"Elan Technology"},"image":{"@id":"https:\/\/www.elantechnology.com\/#\/schema\/logo\/image\/"},"sameAs":["https:\/\/www.linkedin.com\/company\/elan-technology-inc"]}]}},"_links":{"self":[{"href":"https:\/\/www.elantechnology.com\/es\/wp-json\/wp\/v2\/pages\/2059","targetHints":{"allow":["GET"]}}],"collection":[{"href":"https:\/\/www.elantechnology.com\/es\/wp-json\/wp\/v2\/pages"}],"about":[{"href":"https:\/\/www.elantechnology.com\/es\/wp-json\/wp\/v2\/types\/page"}],"author":[{"embeddable":true,"href":"https:\/\/www.elantechnology.com\/es\/wp-json\/wp\/v2\/users\/1"}],"replies":[{"embeddable":true,"href":"https:\/\/www.elantechnology.com\/es\/wp-json\/wp\/v2\/comments?post=2059"}],"version-history":[{"count":0,"href":"https:\/\/www.elantechnology.com\/es\/wp-json\/wp\/v2\/pages\/2059\/revisions"}],"wp:attachment":[{"href":"https:\/\/www.elantechnology.com\/es\/wp-json\/wp\/v2\/media?parent=2059"}],"curies":[{"name":"wp","href":"https:\/\/api.w.org\/{rel}","templated":true}]}}