{"id":1643,"date":"2015-06-13T20:06:43","date_gmt":"2015-06-13T20:06:43","guid":{"rendered":"http:\/\/elantechnology.rmwd.us\/?page_id=1643"},"modified":"2017-01-04T17:19:15","modified_gmt":"2017-01-04T21:19:15","slug":"keramikmaterialien","status":"publish","type":"page","link":"https:\/\/www.elantechnology.com\/de\/keramikmaterialien\/","title":{"rendered":"Keramikmaterialien"},"content":{"rendered":"<div class=\"row \"   ><div class=\"columns small-12 medium-6 large-6 xlarge-6 xxlarge-6 \"   ><\/p>\n<h1>Keramikmaterialien<\/h1>\n<h2 style=\"font-size: 20px;\">Hersteller von Hochleistungskeramik in Midway, Georgia, USA<\/h2>\n<p>Elan Technology hat seit mehr als 65 Jahren Hochleistungskeramik entwickelt und produziert. Durch den Einsatz modernster Fertigungsprozesse bieten wir unseren Kunden spezialisierte technische Keramikkomponente an, die in einer Vielzahl von Industriebranchen verwendet werden.<\/p>\n<p><\/div><div class=\"columns small-12 medium-6 large-6 xlarge-6 xxlarge-6 \"   ><img loading=\"lazy\" decoding=\"async\" class=\"alignnone size-full wp-image-832\" title=\"Advanced Ceramic Preforms &amp; Inserts\" src=\"\/wp-content\/uploads\/2015\/05\/ceramicspage.jpg\" alt=\"Advanced Ceramic Materials - Preforms and Inserts\" width=\"300\" height=\"212\"><\/div><\/div>\n<h4 style=\"margin: 10px 0;\">Keramikwerkstoffe<\/h4>\n<p>In der Luft- und Raumfahrt, der Medizintechnik, der Marine und der Verteidigungsindustrie wird <a title=\"Alumina\" href=\"\/ceramics\/ceramic-materials\/96-alumina\/\">AluminiumoxidKeramik<\/a> in zahlreichen Bereichen angewandt. Aluminiumoxid-Keramik kann zum Beispiel in Z\u00fcndungen f\u00fcr Strahltriebwerke, in Hochtemperaturlagern und in medizinischen Sensoren gefunden werden. Elan Technology bietet Aluminiumoxid in unterschiedlichen Reinheitsgraden von <a title=\"Alumina 85\" href=\"\/ceramics\/ceramic-materials\/85-alumina-14sio2\/\">85%<\/a> bis <a title=\"Alumina 96\" href=\"\/ceramics\/ceramic-materials\/96-alumina\/\">96%<\/a> an, um den Herausforderungen jeder Anwendung gerecht zu werden. Hochreine Aluminiumkomponente werden h\u00e4ufig im korrosiven Umfeld gebraucht, wo andere keramische Werkstoffe nicht geeignet sind. <\/p>\n<p>Eine andere beliebte Industriekeramik ist <a title=\"Steatite Properties\" href=\"\/ceramics\/ceramic-materials\/steatite\/\">Steatit<\/a>, das wegen seiner hervorragenden elektrischen Isolierungseigenschaften f\u00fcr viele elektrische Anwendungen bevorzugt wird. Die Steatitzusammensetzungen von Elan Technology werden z. B. f\u00fcr Thermostate im Haushaltsbereich und als interne Bestandteile f\u00fcr HLK-Systeme gebraucht.<\/p>\n<p><a title=\"Zirconia\" href=\"\/ceramics\/ceramic-materials\/yittria-3-stabilized-zirconia\/\">Zirkoniumoxid (Zirkoniumdioxid)<\/a> ist ein keramisches Material, das sehr schnell seine Verwendung in vielen Bereichen gefunden hat, wie z. B. in der Strukturkeramik, den Automobilsauerstoffsensoren und der dentalen Keramik. Die ausserordentliche Verschlei\u00dfbest\u00e4ndigkeit und mechanische Festigkeit von Zirkoniumoxid haben auch zu Anwendungen, wie z. B. in Kugellagern und Mahlk\u00f6rpern, gef\u00fchrt (space). Elan Technology bietet ein yittriumstabilisiertes Zirkoniumoxid an, das nach den speziellen Angaben unserer Kunden individuell geformt und gesintert werden kann. Zus\u00e4tzlich zum Trockenpressen k\u00f6nnen wir die Bearbeitung der ungebrannten (gr\u00fcnen) Keramikkomponenten durchf\u00fchren, um nahezu jede geometrische Form zu erreichen. Bei Bedarf haben wir die M\u00f6glichkeit, nach dem Brennen durch weiteres Schleifen exakte Toleranzen zu erreichen.<\/p>\n<p>Unser Team von erfahrenen Ingenieuren kann Ihnen mit all Ihren Applikationen Hilfe leisten. Wir beraten Sie gerne bei der Materialauswahl und dem Design der Bauteile. <\/p>\n<h4 style=\"margin: 10px 0;\">Hochleistungskeramik<\/h4>\n<p>Als <a title=\"Elan technology Homepage\" href=\"\/\">technischer Keramikhersteller<\/a> liefern wir Bauteile f\u00fcr eine Vielzahl von Anwendungen. Nachstehend sind einige der Branchen aufgef\u00fchrt, die unsere Materialien t\u00e4glich benutzen:<\/p>\n<ul>\n<li>Luft- und Raumfahrt<\/li>\n<li>Mikroelektronik<\/li>\n<li>Medizintechnik<\/li>\n<li>Beleuchtungstechnik<\/li>\n<li>Verteidigungsindustrie<\/li>\n<li>Autoindustrie<\/li>\n<li>Marine Systeme<\/li>\n<li>Telekommunikation<\/li>\n<\/ul>\n<h2>Further reading:<\/h2>\n<h3><a href=\"https:\/\/en.wikipedia.org\/wiki\/Ceramic_materials\" target=\"_blank\">Wikipedia: Ceramic Materials<\/a><\/h3>\n<h3><a href=\"http:\/\/ceramics.org\/tag\/advanced-ceramic-materials\" target=\"_blank\" rel=\"nofollow\">Ceramics.org: Advanced Ceramic Materials<\/a><\/h3>\n","protected":false},"excerpt":{"rendered":"<p>Keramikwerkstoffe In der Luft- und Raumfahrt, der Medizintechnik, der Marine und der Verteidigungsindustrie wird AluminiumoxidKeramik in zahlreichen Bereichen angewandt. Aluminiumoxid-Keramik kann zum Beispiel in Z\u00fcndungen f\u00fcr Strahltriebwerke, in Hochtemperaturlagern und in medizinischen Sensoren gefunden werden. Elan Technology bietet Aluminiumoxid in unterschiedlichen Reinheitsgraden von 85% bis 96% an, um den Herausforderungen jeder Anwendung gerecht zu werden. [&hellip;]<\/p>\n","protected":false},"author":1,"featured_media":0,"parent":0,"menu_order":2,"comment_status":"open","ping_status":"closed","template":"","meta":{"_acf_changed":false,"footnotes":""},"class_list":["post-1643","page","type-page","status-publish","hentry"],"acf":[],"yoast_head":"<!-- This site is optimized with the Yoast SEO plugin v27.4 - https:\/\/yoast.com\/product\/yoast-seo-wordpress\/ -->\n<title>Elan Technology | die Hochleistungskeramik<\/title>\n<meta name=\"description\" content=\"Elan Technology ist ein Branchenf\u00fchrer in die Keramikherstellung, die Hochleistungskeramik, und die Keramiktechnik f\u00fcr viele kommerzielle Anwendungen.\" \/>\n<meta name=\"robots\" content=\"index, follow, max-snippet:-1, max-image-preview:large, max-video-preview:-1\" \/>\n<link rel=\"canonical\" href=\"https:\/\/www.elantechnology.com\/de\/keramikmaterialien\/\" \/>\n<meta property=\"og:locale\" content=\"de_DE\" \/>\n<meta property=\"og:type\" content=\"article\" \/>\n<meta property=\"og:title\" content=\"Elan Technology | die Hochleistungskeramik\" \/>\n<meta property=\"og:description\" content=\"Elan Technology ist ein Branchenf\u00fchrer in die Keramikherstellung, die Hochleistungskeramik, und die Keramiktechnik f\u00fcr viele kommerzielle Anwendungen.\" \/>\n<meta property=\"og:url\" content=\"https:\/\/www.elantechnology.com\/de\/keramikmaterialien\/\" \/>\n<meta property=\"og:site_name\" content=\"Elan Technology\" \/>\n<meta property=\"article:modified_time\" content=\"2017-01-04T21:19:15+00:00\" \/>\n<meta property=\"og:image\" content=\"https:\/\/www.elantechnology.com\/wp-content\/uploads\/2015\/05\/ceramicspage.jpg\" \/>\n<meta name=\"twitter:card\" content=\"summary_large_image\" \/>\n<script type=\"application\/ld+json\" class=\"yoast-schema-graph\">{\"@context\":\"https:\\\/\\\/schema.org\",\"@graph\":[{\"@type\":\"WebPage\",\"@id\":\"https:\\\/\\\/www.elantechnology.com\\\/de\\\/keramikmaterialien\\\/\",\"url\":\"https:\\\/\\\/www.elantechnology.com\\\/de\\\/keramikmaterialien\\\/\",\"name\":\"Elan Technology | die Hochleistungskeramik\",\"isPartOf\":{\"@id\":\"https:\\\/\\\/www.elantechnology.com\\\/#website\"},\"datePublished\":\"2015-06-13T20:06:43+00:00\",\"dateModified\":\"2017-01-04T21:19:15+00:00\",\"description\":\"Elan Technology ist ein Branchenf\u00fchrer in die Keramikherstellung, die Hochleistungskeramik, und die Keramiktechnik f\u00fcr viele kommerzielle Anwendungen.\",\"breadcrumb\":{\"@id\":\"https:\\\/\\\/www.elantechnology.com\\\/de\\\/keramikmaterialien\\\/#breadcrumb\"},\"inLanguage\":\"de-DE\",\"potentialAction\":[{\"@type\":\"ReadAction\",\"target\":[\"https:\\\/\\\/www.elantechnology.com\\\/de\\\/keramikmaterialien\\\/\"]}]},{\"@type\":\"BreadcrumbList\",\"@id\":\"https:\\\/\\\/www.elantechnology.com\\\/de\\\/keramikmaterialien\\\/#breadcrumb\",\"itemListElement\":[{\"@type\":\"ListItem\",\"position\":1,\"name\":\"Home\",\"item\":\"https:\\\/\\\/www.elantechnology.com\\\/de\\\/\"},{\"@type\":\"ListItem\",\"position\":2,\"name\":\"Keramikmaterialien\"}]},{\"@type\":\"WebSite\",\"@id\":\"https:\\\/\\\/www.elantechnology.com\\\/#website\",\"url\":\"https:\\\/\\\/www.elantechnology.com\\\/\",\"name\":\"Elan Technology\",\"description\":\"Elan Technology is a glass and ceramics manufacturer in Midway, GA, USA.\",\"publisher\":{\"@id\":\"https:\\\/\\\/www.elantechnology.com\\\/#organization\"},\"alternateName\":\"Elan\",\"potentialAction\":[{\"@type\":\"SearchAction\",\"target\":{\"@type\":\"EntryPoint\",\"urlTemplate\":\"https:\\\/\\\/www.elantechnology.com\\\/?s={search_term_string}\"},\"query-input\":{\"@type\":\"PropertyValueSpecification\",\"valueRequired\":true,\"valueName\":\"search_term_string\"}}],\"inLanguage\":\"de-DE\"},{\"@type\":\"Organization\",\"@id\":\"https:\\\/\\\/www.elantechnology.com\\\/#organization\",\"name\":\"Elan Technology\",\"alternateName\":\"Elan\",\"url\":\"https:\\\/\\\/www.elantechnology.com\\\/\",\"logo\":{\"@type\":\"ImageObject\",\"inLanguage\":\"de-DE\",\"@id\":\"https:\\\/\\\/www.elantechnology.com\\\/#\\\/schema\\\/logo\\\/image\\\/\",\"url\":\"https:\\\/\\\/www.elantechnology.com\\\/wp-content\\\/uploads\\\/2023\\\/08\\\/Elan-Technology-Logo.png\",\"contentUrl\":\"https:\\\/\\\/www.elantechnology.com\\\/wp-content\\\/uploads\\\/2023\\\/08\\\/Elan-Technology-Logo.png\",\"width\":1000,\"height\":390,\"caption\":\"Elan Technology\"},\"image\":{\"@id\":\"https:\\\/\\\/www.elantechnology.com\\\/#\\\/schema\\\/logo\\\/image\\\/\"},\"sameAs\":[\"https:\\\/\\\/www.linkedin.com\\\/company\\\/elan-technology-inc\"]}]}<\/script>\n<!-- \/ Yoast SEO plugin. -->","yoast_head_json":{"title":"Elan Technology | die Hochleistungskeramik","description":"Elan Technology ist ein Branchenf\u00fchrer in die Keramikherstellung, die Hochleistungskeramik, und die Keramiktechnik f\u00fcr viele kommerzielle Anwendungen.","robots":{"index":"index","follow":"follow","max-snippet":"max-snippet:-1","max-image-preview":"max-image-preview:large","max-video-preview":"max-video-preview:-1"},"canonical":"https:\/\/www.elantechnology.com\/de\/keramikmaterialien\/","og_locale":"de_DE","og_type":"article","og_title":"Elan Technology | die Hochleistungskeramik","og_description":"Elan Technology ist ein Branchenf\u00fchrer in die Keramikherstellung, die Hochleistungskeramik, und die Keramiktechnik f\u00fcr viele kommerzielle Anwendungen.","og_url":"https:\/\/www.elantechnology.com\/de\/keramikmaterialien\/","og_site_name":"Elan Technology","article_modified_time":"2017-01-04T21:19:15+00:00","og_image":[{"url":"https:\/\/www.elantechnology.com\/wp-content\/uploads\/2015\/05\/ceramicspage.jpg","type":"","width":"","height":""}],"twitter_card":"summary_large_image","schema":{"@context":"https:\/\/schema.org","@graph":[{"@type":"WebPage","@id":"https:\/\/www.elantechnology.com\/de\/keramikmaterialien\/","url":"https:\/\/www.elantechnology.com\/de\/keramikmaterialien\/","name":"Elan Technology | die Hochleistungskeramik","isPartOf":{"@id":"https:\/\/www.elantechnology.com\/#website"},"datePublished":"2015-06-13T20:06:43+00:00","dateModified":"2017-01-04T21:19:15+00:00","description":"Elan Technology ist ein Branchenf\u00fchrer in die Keramikherstellung, die Hochleistungskeramik, und die Keramiktechnik f\u00fcr viele kommerzielle Anwendungen.","breadcrumb":{"@id":"https:\/\/www.elantechnology.com\/de\/keramikmaterialien\/#breadcrumb"},"inLanguage":"de-DE","potentialAction":[{"@type":"ReadAction","target":["https:\/\/www.elantechnology.com\/de\/keramikmaterialien\/"]}]},{"@type":"BreadcrumbList","@id":"https:\/\/www.elantechnology.com\/de\/keramikmaterialien\/#breadcrumb","itemListElement":[{"@type":"ListItem","position":1,"name":"Home","item":"https:\/\/www.elantechnology.com\/de\/"},{"@type":"ListItem","position":2,"name":"Keramikmaterialien"}]},{"@type":"WebSite","@id":"https:\/\/www.elantechnology.com\/#website","url":"https:\/\/www.elantechnology.com\/","name":"Elan Technology","description":"Elan Technology is a glass and ceramics manufacturer in Midway, GA, USA.","publisher":{"@id":"https:\/\/www.elantechnology.com\/#organization"},"alternateName":"Elan","potentialAction":[{"@type":"SearchAction","target":{"@type":"EntryPoint","urlTemplate":"https:\/\/www.elantechnology.com\/?s={search_term_string}"},"query-input":{"@type":"PropertyValueSpecification","valueRequired":true,"valueName":"search_term_string"}}],"inLanguage":"de-DE"},{"@type":"Organization","@id":"https:\/\/www.elantechnology.com\/#organization","name":"Elan Technology","alternateName":"Elan","url":"https:\/\/www.elantechnology.com\/","logo":{"@type":"ImageObject","inLanguage":"de-DE","@id":"https:\/\/www.elantechnology.com\/#\/schema\/logo\/image\/","url":"https:\/\/www.elantechnology.com\/wp-content\/uploads\/2023\/08\/Elan-Technology-Logo.png","contentUrl":"https:\/\/www.elantechnology.com\/wp-content\/uploads\/2023\/08\/Elan-Technology-Logo.png","width":1000,"height":390,"caption":"Elan Technology"},"image":{"@id":"https:\/\/www.elantechnology.com\/#\/schema\/logo\/image\/"},"sameAs":["https:\/\/www.linkedin.com\/company\/elan-technology-inc"]}]}},"_links":{"self":[{"href":"https:\/\/www.elantechnology.com\/de\/wp-json\/wp\/v2\/pages\/1643","targetHints":{"allow":["GET"]}}],"collection":[{"href":"https:\/\/www.elantechnology.com\/de\/wp-json\/wp\/v2\/pages"}],"about":[{"href":"https:\/\/www.elantechnology.com\/de\/wp-json\/wp\/v2\/types\/page"}],"author":[{"embeddable":true,"href":"https:\/\/www.elantechnology.com\/de\/wp-json\/wp\/v2\/users\/1"}],"replies":[{"embeddable":true,"href":"https:\/\/www.elantechnology.com\/de\/wp-json\/wp\/v2\/comments?post=1643"}],"version-history":[{"count":0,"href":"https:\/\/www.elantechnology.com\/de\/wp-json\/wp\/v2\/pages\/1643\/revisions"}],"wp:attachment":[{"href":"https:\/\/www.elantechnology.com\/de\/wp-json\/wp\/v2\/media?parent=1643"}],"curies":[{"name":"wp","href":"https:\/\/api.w.org\/{rel}","templated":true}]}}